{"id":3544,"date":"2023-12-07T20:10:47","date_gmt":"2023-12-08T01:10:47","guid":{"rendered":"https:\/\/jeanbrice.ca\/privacy-policy\/"},"modified":"2023-12-07T21:25:21","modified_gmt":"2023-12-08T02:25:21","slug":"privacy","status":"publish","type":"page","link":"https:\/\/jeanbrice.ca\/en\/privacy\/","title":{"rendered":"Privacy Policy"},"content":{"rendered":"\t\t<div data-elementor-type=\"wp-post\" data-elementor-id=\"3544\" class=\"elementor elementor-3544 elementor-3505\">\n\t\t\t\t\t\t<section class=\"elementor-section elementor-top-section elementor-element elementor-element-2ef8cf1 elementor-section-boxed elementor-section-height-default elementor-section-height-default\" data-id=\"2ef8cf1\" data-element_type=\"section\">\n\t\t\t\t\t\t<div class=\"elementor-container elementor-column-gap-extended\">\n\t\t\t\t\t<div class=\"elementor-column elementor-col-100 elementor-top-column elementor-element elementor-element-b4342e3 sc_inner_width_none sc_layouts_column_icons_position_left\" data-id=\"b4342e3\" data-element_type=\"column\">\n\t\t\t<div class=\"elementor-widget-wrap elementor-element-populated\">\n\t\t\t\t\t\t<div class=\"elementor-element elementor-element-9f35639 elementor-widget elementor-widget-text-editor\" data-id=\"9f35639\" data-element_type=\"widget\" data-widget_type=\"text-editor.default\">\n\t\t\t\t<div class=\"elementor-widget-container\">\n\t\t\t\t\t\t\t<p><strong>Welcome to Jeanbrice.ca (the &#8220;Site&#8221;). This privacy policy (the &#8220;Policy&#8221;) has been established to explain how we collect, use, and protect your personal information when you browse the Site.<\/strong><\/p>\n<p><strong>Collection and Use of Information<\/strong><br \/>When you fill out our form, we may collect personal information such as first name, last name, and email. We use this information to contact the person as requested, and no information is collected or stored.<\/p>\n<p><strong>Data Security<\/strong><br \/>The security of your personal data is important to us. We implement technical and organizational security measures to protect your information from unauthorized access, loss, or theft.<\/p>\n<p>Our business is hosted on the Godaddy.com platform. Godaddy.com provides us with the online platform. Your data may be stored through data storage, databases, and general Godaddy.com applications. They store your data on secure servers behind a firewall.<\/p>\n<p><strong>Data Sharing<\/strong><br \/>We do not sell or rent your personal information to third parties.<\/p>\n<p><strong>User Rights<\/strong><br \/>You have the right to access, correct, delete, or object to the processing of your personal information. To exercise these rights, please contact us at <a style=\"font-family: Hind, sans-serif; font-size: 17px; font-style: normal; background-position: 0px 0px; background-color: #ffffff;\" href=\"mailto:allo@jeanbrice.ca\" data-mce-href=\"mailto:allo@jeanbrice.ca\" data-mce-style=\"font-family: Hind, sans-serif; font-size: 17px; font-style: normal; background-position: 0px 0px; background-color: #ffffff;\"><b>allo@jeanbrice.ca<\/b><\/a>.<\/p>\n<p><strong>Cookies and Google Analytics<\/strong><br \/>The Site uses analytics tools (Google Analytics). These tools collect, analyze, measure, and present data on visits to understand and optimize the use of the Site. The Site retains this type of information to count, among other things: the number of visitors, the most visited pages, the technology used by its Service&#8217;s clientele, referring sites, and the country of origin of Site users.<\/p>\n<p><strong>International Transfers<\/strong><br \/>Your information may be transferred and stored in countries outside your place of residence. By using our Site, you consent to these transfers.<\/p>\n<p><strong>Data Retention Period<\/strong><br \/>We will retain your personal information for as long as necessary to achieve the purposes described in this Policy unless the law requires or allows a longer retention period.<\/p>\n<p><strong>Withdrawal of Consent<\/strong><br \/>If you no longer wish us to process your data, please <span style=\"font-family: Hind, sans-serif; font-size: 17px; font-style: normal; font-weight: 400;\" data-mce-style=\"font-family: Hind, sans-serif; font-size: 17px; font-style: normal; font-weight: 400;\">contact us at <\/span><a style=\"font-family: Hind, sans-serif; font-size: 17px; font-style: normal; background-position: 0px 0px; background-color: #ffffff; margin-bottom: 0px;\" href=\"mailto:allo@jeanbrice.ca\" data-mce-href=\"mailto:allo@jeanbrice.ca\" data-mce-style=\"font-family: Hind, sans-serif; font-size: 17px; font-style: normal; background-position: 0px 0px; background-color: #ffffff; margin-bottom: 0px;\"><b>allo@jeanbrice.ca<\/b><\/a><span style=\"font-family: Hind, sans-serif; font-size: 17px; font-style: normal; font-weight: 400;\" data-mce-style=\"font-family: Hind, sans-serif; font-size: 17px; font-style: normal; font-weight: 400;\">.<\/span><\/p>\n<p><strong>Privacy Policy Update<\/strong><br \/>We reserve the right to modify this privacy policy at any time, so we encourage you to check it frequently. Changes and clarifications will take effect immediately upon posting on the website. If we make significant changes to this policy, we will inform you of its update so that you know what information we collect, how we use it, and under what circumstances, if any, we use and\/or disclose it.<\/p>\n<p><strong>Contact<\/strong><br \/>For any questions regarding the Privacy Policy, please <span style=\"font-family: Hind, sans-serif; font-size: 17px; font-style: normal; font-weight: 400;\" data-mce-style=\"font-family: Hind, sans-serif; font-size: 17px; font-style: normal; font-weight: 400;\">contact us at <\/span><a style=\"font-family: Hind, sans-serif; font-size: 17px; font-style: normal; background-position: 0px 0px; background-color: #ffffff; margin-bottom: 0px;\" href=\"mailto:allo@jeanbrice.ca\" data-mce-href=\"mailto:allo@jeanbrice.ca\" data-mce-style=\"font-family: Hind, sans-serif; font-size: 17px; font-style: normal; background-position: 0px 0px; background-color: #ffffff; margin-bottom: 0px;\"><b>allo@jeanbrice.ca<\/b><\/a><span style=\"font-family: Hind, sans-serif; font-size: 17px; font-style: normal; font-weight: 400;\" data-mce-style=\"font-family: Hind, sans-serif; font-size: 17px; font-style: normal; font-weight: 400;\">.<\/span><\/p>\n<p><em>Updated on December 7, 2023<\/em>.<\/p>\n\t\t\t\t\t\t<\/div>\n\t\t\t\t<\/div>\n\t\t\t\t\t<\/div>\n\t\t<\/div>\n\t\t\t\t\t<\/div>\n\t\t<\/section>\n\t\t\t\t<section class=\"elementor-section elementor-top-section elementor-element elementor-element-9b83dcf elementor-section-boxed elementor-section-height-default elementor-section-height-default\" data-id=\"9b83dcf\" data-element_type=\"section\">\n\t\t\t\t\t\t<div class=\"elementor-container elementor-column-gap-extended\">\n\t\t\t\t\t<div class=\"elementor-column elementor-col-100 elementor-top-column elementor-element elementor-element-3009489 sc_inner_width_none sc_layouts_column_icons_position_left\" data-id=\"3009489\" data-element_type=\"column\">\n\t\t\t<div class=\"elementor-widget-wrap\">\n\t\t\t\t\t\t\t<\/div>\n\t\t<\/div>\n\t\t\t\t\t<\/div>\n\t\t<\/section>\n\t\t\t\t<\/div>\n\t\t","protected":false},"excerpt":{"rendered":"<p>Welcome to Jeanbrice.ca (the &#8220;Site&#8221;). This privacy policy (the &#8220;Policy&#8221;) has been established to explain how we collect, use, and&hellip;<\/p>\n","protected":false},"author":2,"featured_media":0,"parent":0,"menu_order":0,"comment_status":"closed","ping_status":"closed","template":"","meta":{"inline_featured_image":false,"footnotes":""},"yoast_head":"<!-- This site is optimized with the Yoast SEO plugin v22.6 - https:\/\/yoast.com\/wordpress\/plugins\/seo\/ -->\n<title>Privacy Policy - Jean Brice Gestion de Patrimoine<\/title>\n<meta name=\"robots\" content=\"index, follow, max-snippet:-1, max-image-preview:large, max-video-preview:-1\" \/>\n<link rel=\"canonical\" href=\"https:\/\/jeanbrice.ca\/en\/privacy\/\" \/>\n<meta property=\"og:locale\" content=\"en_US\" \/>\n<meta property=\"og:type\" content=\"article\" \/>\n<meta property=\"og:title\" content=\"Privacy Policy - Jean Brice Gestion de Patrimoine\" \/>\n<meta property=\"og:description\" content=\"Welcome to Jeanbrice.ca (the &#8220;Site&#8221;). This privacy policy (the &#8220;Policy&#8221;) has been established to explain how we collect, use, and&hellip;\" \/>\n<meta property=\"og:url\" content=\"https:\/\/jeanbrice.ca\/en\/privacy\/\" \/>\n<meta property=\"og:site_name\" content=\"Jean Brice Gestion de Patrimoine\" \/>\n<meta property=\"article:modified_time\" content=\"2023-12-08T02:25:21+00:00\" \/>\n<meta name=\"twitter:card\" content=\"summary_large_image\" \/>\n<meta name=\"twitter:label1\" content=\"Est. reading time\" \/>\n\t<meta name=\"twitter:data1\" content=\"2 minutes\" \/>\n<script type=\"application\/ld+json\" class=\"yoast-schema-graph\">{\"@context\":\"https:\/\/schema.org\",\"@graph\":[{\"@type\":\"WebPage\",\"@id\":\"https:\/\/jeanbrice.ca\/en\/privacy\/\",\"url\":\"https:\/\/jeanbrice.ca\/en\/privacy\/\",\"name\":\"Privacy Policy - Jean Brice Gestion de Patrimoine\",\"isPartOf\":{\"@id\":\"https:\/\/jeanbrice.ca\/#website\"},\"datePublished\":\"2023-12-08T01:10:47+00:00\",\"dateModified\":\"2023-12-08T02:25:21+00:00\",\"breadcrumb\":{\"@id\":\"https:\/\/jeanbrice.ca\/en\/privacy\/#breadcrumb\"},\"inLanguage\":\"en-US\",\"potentialAction\":[{\"@type\":\"ReadAction\",\"target\":[\"https:\/\/jeanbrice.ca\/en\/privacy\/\"]}]},{\"@type\":\"BreadcrumbList\",\"@id\":\"https:\/\/jeanbrice.ca\/en\/privacy\/#breadcrumb\",\"itemListElement\":[{\"@type\":\"ListItem\",\"position\":1,\"name\":\"Home\",\"item\":\"https:\/\/jeanbrice.ca\/\"},{\"@type\":\"ListItem\",\"position\":2,\"name\":\"Privacy Policy\"}]},{\"@type\":\"WebSite\",\"@id\":\"https:\/\/jeanbrice.ca\/#website\",\"url\":\"https:\/\/jeanbrice.ca\/\",\"name\":\"Jean Brice Gestion de Patrimoine\",\"description\":\"D\u00e9couvrez comment nous utilisons les produits financiers pour cr\u00e9er la vie que vous souhaitez. Contactez Jean-Brice Yoou, conseiller en s\u00e9curit\u00e9 financi\u00e8re.\",\"publisher\":{\"@id\":\"https:\/\/jeanbrice.ca\/#\/schema\/person\/3bd0357aa1fca5d739a27d1993c102be\"},\"potentialAction\":[{\"@type\":\"SearchAction\",\"target\":{\"@type\":\"EntryPoint\",\"urlTemplate\":\"https:\/\/jeanbrice.ca\/?s={search_term_string}\"},\"query-input\":\"required name=search_term_string\"}],\"inLanguage\":\"en-US\"},{\"@type\":[\"Person\",\"Organization\"],\"@id\":\"https:\/\/jeanbrice.ca\/#\/schema\/person\/3bd0357aa1fca5d739a27d1993c102be\",\"name\":\"lagadere\",\"image\":{\"@type\":\"ImageObject\",\"inLanguage\":\"en-US\",\"@id\":\"https:\/\/jeanbrice.ca\/#\/schema\/person\/image\/\",\"url\":\"https:\/\/jeanbrice.ca\/wp-content\/uploads\/2020\/07\/logo_JB-1.png\",\"contentUrl\":\"https:\/\/jeanbrice.ca\/wp-content\/uploads\/2020\/07\/logo_JB-1.png\",\"width\":600,\"height\":179,\"caption\":\"lagadere\"},\"logo\":{\"@id\":\"https:\/\/jeanbrice.ca\/#\/schema\/person\/image\/\"}}]}<\/script>\n<!-- \/ Yoast SEO plugin. -->","yoast_head_json":{"title":"Privacy Policy - Jean Brice Gestion de Patrimoine","robots":{"index":"index","follow":"follow","max-snippet":"max-snippet:-1","max-image-preview":"max-image-preview:large","max-video-preview":"max-video-preview:-1"},"canonical":"https:\/\/jeanbrice.ca\/en\/privacy\/","og_locale":"en_US","og_type":"article","og_title":"Privacy Policy - Jean Brice Gestion de Patrimoine","og_description":"Welcome to Jeanbrice.ca (the &#8220;Site&#8221;). This privacy policy (the &#8220;Policy&#8221;) has been established to explain how we collect, use, and&hellip;","og_url":"https:\/\/jeanbrice.ca\/en\/privacy\/","og_site_name":"Jean Brice Gestion de Patrimoine","article_modified_time":"2023-12-08T02:25:21+00:00","twitter_card":"summary_large_image","twitter_misc":{"Est. reading time":"2 minutes"},"schema":{"@context":"https:\/\/schema.org","@graph":[{"@type":"WebPage","@id":"https:\/\/jeanbrice.ca\/en\/privacy\/","url":"https:\/\/jeanbrice.ca\/en\/privacy\/","name":"Privacy Policy - Jean Brice Gestion de Patrimoine","isPartOf":{"@id":"https:\/\/jeanbrice.ca\/#website"},"datePublished":"2023-12-08T01:10:47+00:00","dateModified":"2023-12-08T02:25:21+00:00","breadcrumb":{"@id":"https:\/\/jeanbrice.ca\/en\/privacy\/#breadcrumb"},"inLanguage":"en-US","potentialAction":[{"@type":"ReadAction","target":["https:\/\/jeanbrice.ca\/en\/privacy\/"]}]},{"@type":"BreadcrumbList","@id":"https:\/\/jeanbrice.ca\/en\/privacy\/#breadcrumb","itemListElement":[{"@type":"ListItem","position":1,"name":"Home","item":"https:\/\/jeanbrice.ca\/"},{"@type":"ListItem","position":2,"name":"Privacy Policy"}]},{"@type":"WebSite","@id":"https:\/\/jeanbrice.ca\/#website","url":"https:\/\/jeanbrice.ca\/","name":"Jean Brice Gestion de Patrimoine","description":"D\u00e9couvrez comment nous utilisons les produits financiers pour cr\u00e9er la vie que vous souhaitez. Contactez Jean-Brice Yoou, conseiller en s\u00e9curit\u00e9 financi\u00e8re.","publisher":{"@id":"https:\/\/jeanbrice.ca\/#\/schema\/person\/3bd0357aa1fca5d739a27d1993c102be"},"potentialAction":[{"@type":"SearchAction","target":{"@type":"EntryPoint","urlTemplate":"https:\/\/jeanbrice.ca\/?s={search_term_string}"},"query-input":"required name=search_term_string"}],"inLanguage":"en-US"},{"@type":["Person","Organization"],"@id":"https:\/\/jeanbrice.ca\/#\/schema\/person\/3bd0357aa1fca5d739a27d1993c102be","name":"lagadere","image":{"@type":"ImageObject","inLanguage":"en-US","@id":"https:\/\/jeanbrice.ca\/#\/schema\/person\/image\/","url":"https:\/\/jeanbrice.ca\/wp-content\/uploads\/2020\/07\/logo_JB-1.png","contentUrl":"https:\/\/jeanbrice.ca\/wp-content\/uploads\/2020\/07\/logo_JB-1.png","width":600,"height":179,"caption":"lagadere"},"logo":{"@id":"https:\/\/jeanbrice.ca\/#\/schema\/person\/image\/"}}]}},"_links":{"self":[{"href":"https:\/\/jeanbrice.ca\/en\/wp-json\/wp\/v2\/pages\/3544"}],"collection":[{"href":"https:\/\/jeanbrice.ca\/en\/wp-json\/wp\/v2\/pages"}],"about":[{"href":"https:\/\/jeanbrice.ca\/en\/wp-json\/wp\/v2\/types\/page"}],"author":[{"embeddable":true,"href":"https:\/\/jeanbrice.ca\/en\/wp-json\/wp\/v2\/users\/2"}],"replies":[{"embeddable":true,"href":"https:\/\/jeanbrice.ca\/en\/wp-json\/wp\/v2\/comments?post=3544"}],"version-history":[{"count":3,"href":"https:\/\/jeanbrice.ca\/en\/wp-json\/wp\/v2\/pages\/3544\/revisions"}],"predecessor-version":[{"id":3547,"href":"https:\/\/jeanbrice.ca\/en\/wp-json\/wp\/v2\/pages\/3544\/revisions\/3547"}],"wp:attachment":[{"href":"https:\/\/jeanbrice.ca\/en\/wp-json\/wp\/v2\/media?parent=3544"}],"curies":[{"name":"wp","href":"https:\/\/api.w.org\/{rel}","templated":true}]}}