{"id":3122,"date":"2019-11-21T12:44:42","date_gmt":"2019-11-21T17:44:42","guid":{"rendered":"https:\/\/jeanbrice.ca\/contact\/"},"modified":"2026-01-25T11:35:21","modified_gmt":"2026-01-25T16:35:21","slug":"contact","status":"publish","type":"page","link":"https:\/\/jeanbrice.ca\/en\/contact\/","title":{"rendered":"Contact"},"content":{"rendered":"\t\t<div data-elementor-type=\"wp-post\" data-elementor-id=\"3122\" class=\"elementor elementor-3122 elementor-183\">\n\t\t\t\t\t\t<section class=\"elementor-section elementor-top-section elementor-element elementor-element-149773c scheme_dark elementor-section-boxed elementor-section-height-default elementor-section-height-default\" data-id=\"149773c\" data-element_type=\"section\">\n\t\t\t\t\t\t<div class=\"elementor-container elementor-column-gap-extended\">\n\t\t\t\t\t<div class=\"elementor-column elementor-col-100 elementor-top-column elementor-element elementor-element-f2fd9a0 sc_inner_width_none sc_layouts_column_icons_position_left\" data-id=\"f2fd9a0\" data-element_type=\"column\">\n\t\t\t<div class=\"elementor-widget-wrap elementor-element-populated\">\n\t\t\t\t\t\t<section class=\"elementor-section elementor-inner-section elementor-element elementor-element-24fe46b elementor-section-boxed elementor-section-height-default elementor-section-height-default\" data-id=\"24fe46b\" data-element_type=\"section\">\n\t\t\t\t\t\t<div class=\"elementor-container elementor-column-gap-no\">\n\t\t\t\t\t<div class=\"elementor-column elementor-col-50 elementor-inner-column elementor-element elementor-element-eecd9d1 sc_inner_width_none sc_layouts_column_icons_position_left\" data-id=\"eecd9d1\" data-element_type=\"column\" data-settings=\"{&quot;background_background&quot;:&quot;gradient&quot;}\">\n\t\t\t<div class=\"elementor-widget-wrap elementor-element-populated\">\n\t\t\t\t\t\t<div class=\"elementor-element elementor-element-0dc3923 elementor-widget elementor-widget-trx_sc_title\" data-id=\"0dc3923\" data-element_type=\"widget\" data-widget_type=\"trx_sc_title.default\">\n\t\t\t\t<div class=\"elementor-widget-container\">\n\t\t\t<div id=\"trx_sc_title_540941275\"\n\t\tclass=\"sc_title sc_title_default\"><h6 class=\"sc_item_subtitle sc_title_subtitle sc_align_none sc_item_title_style_default\">Nos coordonn\u00e9es<\/h6><h3 class=\"sc_item_title sc_title_title sc_align_none sc_item_title_style_default sc_item_title_tag trx_addons_inline_1693731262\">Prenons <br> le temps de  <br> discuter.<\/h3><\/div><!-- \/.sc_title -->\t\t<\/div>\n\t\t\t\t<\/div>\n\t\t\t\t\t<\/div>\n\t\t<\/div>\n\t\t\t\t<div class=\"elementor-column elementor-col-50 elementor-inner-column elementor-element elementor-element-288d1e0 sc_inner_width_none sc_layouts_column_icons_position_left\" data-id=\"288d1e0\" data-element_type=\"column\">\n\t\t\t<div class=\"elementor-widget-wrap\">\n\t\t\t\t\t\t\t<\/div>\n\t\t<\/div>\n\t\t\t\t\t<\/div>\n\t\t<\/section>\n\t\t\t\t\t<\/div>\n\t\t<\/div>\n\t\t\t\t\t<\/div>\n\t\t<\/section>\n\t\t\t\t<section class=\"elementor-section elementor-top-section elementor-element elementor-element-9ef5cf6 elementor-section-content-middle sc_push_y_large_negative elementor-section-boxed elementor-section-height-default elementor-section-height-default\" data-id=\"9ef5cf6\" data-element_type=\"section\">\n\t\t\t\t\t\t<div class=\"elementor-container elementor-column-gap-extended\">\n\t\t\t\t\t<div class=\"elementor-column elementor-col-25 elementor-top-column elementor-element elementor-element-565a868 sc_inner_width_none sc_layouts_column_icons_position_left\" data-id=\"565a868\" data-element_type=\"column\">\n\t\t\t<div class=\"elementor-widget-wrap\">\n\t\t\t\t\t\t\t<\/div>\n\t\t<\/div>\n\t\t\t\t<div class=\"elementor-column elementor-col-25 elementor-top-column elementor-element elementor-element-2e50a8b sc_inner_width_none sc_layouts_column_icons_position_left\" data-id=\"2e50a8b\" data-element_type=\"column\">\n\t\t\t<div class=\"elementor-widget-wrap elementor-element-populated\">\n\t\t\t\t\t\t<div class=\"elementor-element elementor-element-17e1e02 elementor-widget elementor-widget-trx_sc_googlemap\" data-id=\"17e1e02\" data-element_type=\"widget\" data-widget_type=\"trx_sc_googlemap.default\">\n\t\t\t\t<div class=\"elementor-widget-container\">\n\t\t\t<div id=\"trx_sc_googlemap_2074991905_wrap\" class=\"sc_googlemap_wrap\"><div id=\"trx_sc_googlemap_2074991905\"\n\t\t\tclass=\"sc_googlemap sc_googlemap_default trx_addons_inline_1245888955\"\n\t\t\t\t\t\tdata-zoom=\"12\"\n\t\t\tdata-center=\"45.5668494,73.7779414\"\n\t\t\tdata-style=\"light\"\n\t\t\tdata-cluster-icon=\"\"\n\t\t\t><iframe\n\t\t\t\t\t\tsrc=\"https:\/\/maps.google.com\/maps?t=m&output=embed&iwloc=near&z=12&q=3030+Bd+du+Cur%C3%A9-Labelle+Laval%2C+QC\"\n\t\t\t\t\t\taria-label=\"\"><\/iframe><\/div><\/div><!-- \/.sc_googlemap_wrap -->\t\t<\/div>\n\t\t\t\t<\/div>\n\t\t\t\t<div class=\"elementor-element elementor-element-ac244a5 sc_layouts_hide_on_wide sc_layouts_hide_on_desktop sc_layouts_hide_on_notebook sc_layouts_hide_on_tablet elementor-widget elementor-widget-spacer\" data-id=\"ac244a5\" data-element_type=\"widget\" data-widget_type=\"spacer.default\">\n\t\t\t\t<div class=\"elementor-widget-container\">\n\t\t\t\t\t<div class=\"elementor-spacer\">\n\t\t\t<div class=\"elementor-spacer-inner\"><\/div>\n\t\t<\/div>\n\t\t\t\t<\/div>\n\t\t\t\t<\/div>\n\t\t\t\t\t<\/div>\n\t\t<\/div>\n\t\t\t\t<div class=\"elementor-column elementor-col-25 elementor-top-column elementor-element elementor-element-26b2805 sc_inner_width_none sc_layouts_column_icons_position_left\" data-id=\"26b2805\" data-element_type=\"column\">\n\t\t\t<div class=\"elementor-widget-wrap\">\n\t\t\t\t\t\t\t<\/div>\n\t\t<\/div>\n\t\t\t\t<div class=\"elementor-column elementor-col-25 elementor-top-column elementor-element elementor-element-003dd82 sc_inner_width_none sc_layouts_column_icons_position_left\" data-id=\"003dd82\" data-element_type=\"column\">\n\t\t\t<div class=\"elementor-widget-wrap elementor-element-populated\">\n\t\t\t\t\t\t<div class=\"elementor-element elementor-element-3b6d7b0 elementor-widget elementor-widget-text-editor\" data-id=\"3b6d7b0\" data-element_type=\"widget\" data-widget_type=\"text-editor.default\">\n\t\t\t\t<div class=\"elementor-widget-container\">\n\t\t\t\t\t\t\t<p>We can serve you via a combination of virtual or in-person meetings.<\/p>\n<p><\/p>\n<p>The important thing is to provide you with a pleasant setting in which to discuss your projects. You can choose to meet us at our office, at your office, or in the comfort of your own home.<\/p>\n\t\t\t\t\t\t<\/div>\n\t\t\t\t<\/div>\n\t\t\t\t<div class=\"elementor-element elementor-element-0bd3891 elementor-widget elementor-widget-text-editor\" data-id=\"0bd3891\" data-element_type=\"widget\" data-widget_type=\"text-editor.default\">\n\t\t\t\t<div class=\"elementor-widget-container\">\n\t\t\t\t\t\t\t<h6 class=\"trx_addons_title_extra\">Address<\/h6>\n<p>1868 Boul. Des sources, Suite 400<br \/>Pointe-Claire, QC<br \/>H9R 5R2<\/p>\n\t\t\t\t\t\t<\/div>\n\t\t\t\t<\/div>\n\t\t\t\t<div class=\"elementor-element elementor-element-fadde01 elementor-widget elementor-widget-text-editor\" data-id=\"fadde01\" data-element_type=\"widget\" data-widget_type=\"text-editor.default\">\n\t\t\t\t<div class=\"elementor-widget-container\">\n\t\t\t\t\t\t\t<h6 class=\"trx_addons_title_extra\">Contact Us<\/h6>\n<p><\/p>\n<p><a href=\"tel:514 831 6044\">(514) 831-6044<\/a>\u00a0\u00a0|\u00a0\u00a0<a href=\"mailto:allo@jeanbrice.ca\">allo@jeanbrice.ca<\/a><\/p>\n\t\t\t\t\t\t<\/div>\n\t\t\t\t<\/div>\n\t\t\t\t<div class=\"elementor-element elementor-element-f85e0fd elementor-widget elementor-widget-text-editor\" data-id=\"f85e0fd\" data-element_type=\"widget\" data-widget_type=\"text-editor.default\">\n\t\t\t\t<div class=\"elementor-widget-container\">\n\t\t\t\t\t\t\t<h6 class=\"trx_addons_title_extra\">Follow us<\/h6>\n\t\t\t\t\t\t<\/div>\n\t\t\t\t<\/div>\n\t\t\t\t<div class=\"elementor-element elementor-element-f44f30c elementor-widget elementor-widget-trx_widget_socials\" data-id=\"f44f30c\" data-element_type=\"widget\" data-widget_type=\"trx_widget_socials.default\">\n\t\t\t\t<div class=\"elementor-widget-container\">\n\t\t\t<div id=\"trx_widget_socials_236803692\" class=\"widget_area sc_widget_socials\"><aside id=\"trx_widget_socials_236803692_widget\" class=\"widget widget_socials\"><div class=\"socials_wrap sc_align_left\"><a target=\"_blank\" href=\"https:\/\/www.linkedin.com\/in\/jean-brice-yoou\/\" class=\"social_item social_item_style_icons sc_icon_type_icons social_item_type_icons\"><span class=\"social_icon social_icon_026-linkedin\"><span class=\"icon-026-linkedin\"><\/span><\/span><\/a><\/div><\/aside><\/div>\t\t<\/div>\n\t\t\t\t<\/div>\n\t\t\t\t\t<\/div>\n\t\t<\/div>\n\t\t\t\t\t<\/div>\n\t\t<\/section>\n\t\t\t\t<section class=\"elementor-section elementor-top-section elementor-element elementor-element-7b51a3a elementor-section-boxed elementor-section-height-default elementor-section-height-default\" data-id=\"7b51a3a\" data-element_type=\"section\">\n\t\t\t\t\t\t<div class=\"elementor-container elementor-column-gap-extended\">\n\t\t\t\t\t<div class=\"elementor-column elementor-col-100 elementor-top-column elementor-element elementor-element-973125d sc_inner_width_none sc_layouts_column_icons_position_left\" data-id=\"973125d\" data-element_type=\"column\">\n\t\t\t<div class=\"elementor-widget-wrap elementor-element-populated\">\n\t\t\t\t\t\t<div class=\"elementor-element elementor-element-f6dced0 sc_height_medium elementor-widget elementor-widget-spacer\" data-id=\"f6dced0\" data-element_type=\"widget\" data-widget_type=\"spacer.default\">\n\t\t\t\t<div class=\"elementor-widget-container\">\n\t\t\t\t\t<div class=\"elementor-spacer\">\n\t\t\t<div class=\"elementor-spacer-inner\"><\/div>\n\t\t<\/div>\n\t\t\t\t<\/div>\n\t\t\t\t<\/div>\n\t\t\t\t\t<\/div>\n\t\t<\/div>\n\t\t\t\t\t<\/div>\n\t\t<\/section>\n\t\t\t\t<section class=\"elementor-section elementor-top-section elementor-element elementor-element-650ae33 elementor-section-boxed elementor-section-height-default elementor-section-height-default\" data-id=\"650ae33\" data-element_type=\"section\">\n\t\t\t\t\t\t<div class=\"elementor-container elementor-column-gap-extended\">\n\t\t\t\t\t<div class=\"elementor-column elementor-col-33 elementor-top-column elementor-element elementor-element-a7a3700 sc_inner_width_none sc_layouts_column_icons_position_left\" data-id=\"a7a3700\" data-element_type=\"column\">\n\t\t\t<div class=\"elementor-widget-wrap\">\n\t\t\t\t\t\t\t<\/div>\n\t\t<\/div>\n\t\t\t\t<div class=\"elementor-column elementor-col-33 elementor-top-column elementor-element elementor-element-67c8093 sc_inner_width_none sc_layouts_column_icons_position_left\" data-id=\"67c8093\" data-element_type=\"column\">\n\t\t\t<div class=\"elementor-widget-wrap elementor-element-populated\">\n\t\t\t\t\t\t<div class=\"elementor-element elementor-element-bd8175d elementor-widget elementor-widget-shortcode\" data-id=\"bd8175d\" data-element_type=\"widget\" data-widget_type=\"shortcode.default\">\n\t\t\t\t<div class=\"elementor-widget-container\">\n\t\t\t\t\t<div class=\"elementor-shortcode\">\n<div class=\"wpcf7 no-js\" id=\"wpcf7-f3148-o1\" lang=\"en-US\" dir=\"ltr\">\n<div class=\"screen-reader-response\"><p role=\"status\" aria-live=\"polite\" aria-atomic=\"true\"><\/p> <ul><\/ul><\/div>\n<form action=\"\/en\/wp-json\/wp\/v2\/pages\/3122#wpcf7-f3148-o1\" method=\"post\" class=\"wpcf7-form init\" aria-label=\"Contact form\" novalidate=\"novalidate\" data-status=\"init\">\n<div style=\"display: none;\">\n<input type=\"hidden\" name=\"_wpcf7\" value=\"3148\" \/>\n<input type=\"hidden\" name=\"_wpcf7_version\" value=\"5.9.8\" \/>\n<input type=\"hidden\" name=\"_wpcf7_locale\" value=\"en_US\" \/>\n<input type=\"hidden\" name=\"_wpcf7_unit_tag\" value=\"wpcf7-f3148-o1\" \/>\n<input type=\"hidden\" name=\"_wpcf7_container_post\" value=\"0\" \/>\n<input type=\"hidden\" name=\"_wpcf7_posted_data_hash\" value=\"\" \/>\n<\/div>\n<div class=\"columns_wrap\">\n\t<div class=\"column-1_2\">\n\t\t<p><span class=\"wpcf7-form-control-wrap\" data-name=\"your-name\"><input size=\"40\" maxlength=\"400\" class=\"wpcf7-form-control wpcf7-text wpcf7-validates-as-required\" aria-required=\"true\" aria-invalid=\"false\" placeholder=\"Your name\" value=\"\" type=\"text\" name=\"your-name\" \/><\/span>\n\t\t<\/p>\n\t<\/div>\n\t<div class=\"column-1_2\">\n\t\t<p><span class=\"wpcf7-form-control-wrap\" data-name=\"your-email\"><input size=\"40\" maxlength=\"400\" class=\"wpcf7-form-control wpcf7-email wpcf7-validates-as-required wpcf7-text wpcf7-validates-as-email\" aria-required=\"true\" aria-invalid=\"false\" placeholder=\"Your email\" value=\"\" type=\"email\" name=\"your-email\" \/><\/span>\n\t\t<\/p>\n\t<\/div>\n<\/div>\n<div class=\"columns_wrap\">\n\t<div class=\"column-1_1\">\n\t\t<p><span class=\"wpcf7-form-control-wrap\" data-name=\"your-message\"><textarea cols=\"40\" rows=\"10\" maxlength=\"2000\" class=\"wpcf7-form-control wpcf7-textarea\" aria-invalid=\"false\" placeholder=\"Message\" name=\"your-message\"><\/textarea><\/span>\n\t\t<\/p>\n\t<\/div>\n<\/div>\n<div class=\"columns_wrap\">\n\t<div class=\"column-1_1\">\n\t\t<p><span class=\"wpcf7-form-control-wrap\" data-name=\"checkbox-26\"><span class=\"wpcf7-form-control wpcf7-checkbox wpcf7-validates-as-required\"><span class=\"wpcf7-list-item first last\"><label><input type=\"checkbox\" name=\"checkbox-26[]\" value=\"I accept that the information entered be used within the scope of the request made or the relationship that may result from it.\" \/><span class=\"wpcf7-list-item-label\">I accept that the information entered be used within the scope of the request made or the relationship that may result from it.<\/span><\/label><\/span><\/span><\/span>\n\t\t<\/p>\n\t<\/div>\n<\/div>\n<div class=\"columns_wrap\">\n\t<div class=\"column-1_1 center\">\n\t\t<p><input class=\"wpcf7-form-control wpcf7-submit has-spinner\" type=\"submit\" value=\"Send\" \/>\n\t\t<\/p>\n\t<\/div>\n<\/div><div class=\"wpcf7-response-output\" aria-hidden=\"true\"><\/div>\n<\/form>\n<\/div>\n<\/div>\n\t\t\t\t<\/div>\n\t\t\t\t<\/div>\n\t\t\t\t\t<\/div>\n\t\t<\/div>\n\t\t\t\t<div class=\"elementor-column elementor-col-33 elementor-top-column elementor-element elementor-element-6fe0a5d sc_inner_width_none sc_layouts_column_icons_position_left\" data-id=\"6fe0a5d\" data-element_type=\"column\">\n\t\t\t<div class=\"elementor-widget-wrap\">\n\t\t\t\t\t\t\t<\/div>\n\t\t<\/div>\n\t\t\t\t\t<\/div>\n\t\t<\/section>\n\t\t\t\t<\/div>\n\t\t","protected":false},"excerpt":{"rendered":"<p>Nos coordonn\u00e9es Prenons le temps de discuter. We can serve you via a combination of virtual or in-person meetings. The&hellip;<\/p>\n","protected":false},"author":1,"featured_media":0,"parent":0,"menu_order":0,"comment_status":"closed","ping_status":"closed","template":"","meta":{"inline_featured_image":false,"footnotes":""},"yoast_head":"<!-- This site is optimized with the Yoast SEO plugin v22.6 - https:\/\/yoast.com\/wordpress\/plugins\/seo\/ -->\n<title>Contact - Jean Brice Gestion de Patrimoine<\/title>\n<meta name=\"robots\" content=\"index, follow, max-snippet:-1, max-image-preview:large, max-video-preview:-1\" \/>\n<link rel=\"canonical\" href=\"https:\/\/jeanbrice.ca\/nous-joindre\/\" \/>\n<meta property=\"og:locale\" content=\"en_US\" \/>\n<meta property=\"og:type\" content=\"article\" \/>\n<meta property=\"og:title\" content=\"Contact - Jean Brice Gestion de Patrimoine\" \/>\n<meta property=\"og:description\" content=\"Nos coordonn\u00e9es Prenons le temps de discuter. We can serve you via a combination of virtual or in-person meetings. The&hellip;\" \/>\n<meta property=\"og:url\" content=\"https:\/\/jeanbrice.ca\/nous-joindre\/\" \/>\n<meta property=\"og:site_name\" content=\"Jean Brice Gestion de Patrimoine\" \/>\n<meta property=\"article:modified_time\" content=\"2026-01-25T16:35:21+00:00\" \/>\n<meta name=\"twitter:card\" content=\"summary_large_image\" \/>\n<meta name=\"twitter:label1\" content=\"Est. reading time\" \/>\n\t<meta name=\"twitter:data1\" content=\"1 minute\" \/>\n<script type=\"application\/ld+json\" class=\"yoast-schema-graph\">{\"@context\":\"https:\/\/schema.org\",\"@graph\":[{\"@type\":\"WebPage\",\"@id\":\"https:\/\/jeanbrice.ca\/nous-joindre\/\",\"url\":\"https:\/\/jeanbrice.ca\/nous-joindre\/\",\"name\":\"Contact - Jean Brice Gestion de Patrimoine\",\"isPartOf\":{\"@id\":\"https:\/\/jeanbrice.ca\/#website\"},\"datePublished\":\"2019-11-21T17:44:42+00:00\",\"dateModified\":\"2026-01-25T16:35:21+00:00\",\"breadcrumb\":{\"@id\":\"https:\/\/jeanbrice.ca\/nous-joindre\/#breadcrumb\"},\"inLanguage\":\"en-US\",\"potentialAction\":[{\"@type\":\"ReadAction\",\"target\":[\"https:\/\/jeanbrice.ca\/nous-joindre\/\"]}]},{\"@type\":\"BreadcrumbList\",\"@id\":\"https:\/\/jeanbrice.ca\/nous-joindre\/#breadcrumb\",\"itemListElement\":[{\"@type\":\"ListItem\",\"position\":1,\"name\":\"Home\",\"item\":\"https:\/\/jeanbrice.ca\/\"},{\"@type\":\"ListItem\",\"position\":2,\"name\":\"Contact\"}]},{\"@type\":\"WebSite\",\"@id\":\"https:\/\/jeanbrice.ca\/#website\",\"url\":\"https:\/\/jeanbrice.ca\/\",\"name\":\"Jean Brice Gestion de Patrimoine\",\"description\":\"D\u00e9couvrez comment nous utilisons les produits financiers pour cr\u00e9er la vie que vous souhaitez. Contactez Jean-Brice Yoou, conseiller en s\u00e9curit\u00e9 financi\u00e8re.\",\"publisher\":{\"@id\":\"https:\/\/jeanbrice.ca\/#\/schema\/person\/3bd0357aa1fca5d739a27d1993c102be\"},\"potentialAction\":[{\"@type\":\"SearchAction\",\"target\":{\"@type\":\"EntryPoint\",\"urlTemplate\":\"https:\/\/jeanbrice.ca\/?s={search_term_string}\"},\"query-input\":\"required name=search_term_string\"}],\"inLanguage\":\"en-US\"},{\"@type\":[\"Person\",\"Organization\"],\"@id\":\"https:\/\/jeanbrice.ca\/#\/schema\/person\/3bd0357aa1fca5d739a27d1993c102be\",\"name\":\"lagadere\",\"image\":{\"@type\":\"ImageObject\",\"inLanguage\":\"en-US\",\"@id\":\"https:\/\/jeanbrice.ca\/#\/schema\/person\/image\/\",\"url\":\"https:\/\/jeanbrice.ca\/wp-content\/uploads\/2020\/07\/logo_JB-1.png\",\"contentUrl\":\"https:\/\/jeanbrice.ca\/wp-content\/uploads\/2020\/07\/logo_JB-1.png\",\"width\":600,\"height\":179,\"caption\":\"lagadere\"},\"logo\":{\"@id\":\"https:\/\/jeanbrice.ca\/#\/schema\/person\/image\/\"}}]}<\/script>\n<!-- \/ Yoast SEO plugin. -->","yoast_head_json":{"title":"Contact - Jean Brice Gestion de Patrimoine","robots":{"index":"index","follow":"follow","max-snippet":"max-snippet:-1","max-image-preview":"max-image-preview:large","max-video-preview":"max-video-preview:-1"},"canonical":"https:\/\/jeanbrice.ca\/nous-joindre\/","og_locale":"en_US","og_type":"article","og_title":"Contact - Jean Brice Gestion de Patrimoine","og_description":"Nos coordonn\u00e9es Prenons le temps de discuter. We can serve you via a combination of virtual or in-person meetings. The&hellip;","og_url":"https:\/\/jeanbrice.ca\/nous-joindre\/","og_site_name":"Jean Brice Gestion de Patrimoine","article_modified_time":"2026-01-25T16:35:21+00:00","twitter_card":"summary_large_image","twitter_misc":{"Est. reading time":"1 minute"},"schema":{"@context":"https:\/\/schema.org","@graph":[{"@type":"WebPage","@id":"https:\/\/jeanbrice.ca\/nous-joindre\/","url":"https:\/\/jeanbrice.ca\/nous-joindre\/","name":"Contact - Jean Brice Gestion de Patrimoine","isPartOf":{"@id":"https:\/\/jeanbrice.ca\/#website"},"datePublished":"2019-11-21T17:44:42+00:00","dateModified":"2026-01-25T16:35:21+00:00","breadcrumb":{"@id":"https:\/\/jeanbrice.ca\/nous-joindre\/#breadcrumb"},"inLanguage":"en-US","potentialAction":[{"@type":"ReadAction","target":["https:\/\/jeanbrice.ca\/nous-joindre\/"]}]},{"@type":"BreadcrumbList","@id":"https:\/\/jeanbrice.ca\/nous-joindre\/#breadcrumb","itemListElement":[{"@type":"ListItem","position":1,"name":"Home","item":"https:\/\/jeanbrice.ca\/"},{"@type":"ListItem","position":2,"name":"Contact"}]},{"@type":"WebSite","@id":"https:\/\/jeanbrice.ca\/#website","url":"https:\/\/jeanbrice.ca\/","name":"Jean Brice Gestion de Patrimoine","description":"D\u00e9couvrez comment nous utilisons les produits financiers pour cr\u00e9er la vie que vous souhaitez. Contactez Jean-Brice Yoou, conseiller en s\u00e9curit\u00e9 financi\u00e8re.","publisher":{"@id":"https:\/\/jeanbrice.ca\/#\/schema\/person\/3bd0357aa1fca5d739a27d1993c102be"},"potentialAction":[{"@type":"SearchAction","target":{"@type":"EntryPoint","urlTemplate":"https:\/\/jeanbrice.ca\/?s={search_term_string}"},"query-input":"required name=search_term_string"}],"inLanguage":"en-US"},{"@type":["Person","Organization"],"@id":"https:\/\/jeanbrice.ca\/#\/schema\/person\/3bd0357aa1fca5d739a27d1993c102be","name":"lagadere","image":{"@type":"ImageObject","inLanguage":"en-US","@id":"https:\/\/jeanbrice.ca\/#\/schema\/person\/image\/","url":"https:\/\/jeanbrice.ca\/wp-content\/uploads\/2020\/07\/logo_JB-1.png","contentUrl":"https:\/\/jeanbrice.ca\/wp-content\/uploads\/2020\/07\/logo_JB-1.png","width":600,"height":179,"caption":"lagadere"},"logo":{"@id":"https:\/\/jeanbrice.ca\/#\/schema\/person\/image\/"}}]}},"_links":{"self":[{"href":"https:\/\/jeanbrice.ca\/en\/wp-json\/wp\/v2\/pages\/3122"}],"collection":[{"href":"https:\/\/jeanbrice.ca\/en\/wp-json\/wp\/v2\/pages"}],"about":[{"href":"https:\/\/jeanbrice.ca\/en\/wp-json\/wp\/v2\/types\/page"}],"author":[{"embeddable":true,"href":"https:\/\/jeanbrice.ca\/en\/wp-json\/wp\/v2\/users\/1"}],"replies":[{"embeddable":true,"href":"https:\/\/jeanbrice.ca\/en\/wp-json\/wp\/v2\/comments?post=3122"}],"version-history":[{"count":18,"href":"https:\/\/jeanbrice.ca\/en\/wp-json\/wp\/v2\/pages\/3122\/revisions"}],"predecessor-version":[{"id":3654,"href":"https:\/\/jeanbrice.ca\/en\/wp-json\/wp\/v2\/pages\/3122\/revisions\/3654"}],"wp:attachment":[{"href":"https:\/\/jeanbrice.ca\/en\/wp-json\/wp\/v2\/media?parent=3122"}],"curies":[{"name":"wp","href":"https:\/\/api.w.org\/{rel}","templated":true}]}}